{"id":1538,"date":"2023-08-24T18:00:25","date_gmt":"2023-08-24T15:00:25","guid":{"rendered":"https:\/\/www.traktoriraskused.eu\/?page_id=1538"},"modified":"2025-10-08T18:27:37","modified_gmt":"2025-10-08T15:27:37","slug":"privaatsuspoliitika","status":"publish","type":"page","link":"https:\/\/www.traktoriraskused.eu\/fin\/privaatsuspoliitika\/","title":{"rendered":"Tietosuojak\u00e4yt\u00e4nt\u00f6"},"content":{"rendered":"<p>Yksityisyytesi on t\u00e4rke\u00e4\u00e4 TrBet O\u00dc:lle (traktoriruskused.eu) ja noudattaa kaikkia soveltuvia lakeja ja m\u00e4\u00e4r\u00e4yksi\u00e4 koskien henkil\u00f6tietoja, joita voimme ker\u00e4t\u00e4 sinusta vieraillessasi verkkosivuillamme traktoriruskused.eu. K\u00e4ytt\u00e4m\u00e4ll\u00e4 verkkosivustoamme hyv\u00e4ksyt, ett\u00e4 ker\u00e4\u00e4mme ja k\u00e4yt\u00e4mme tietojasi t\u00e4m\u00e4n tietosuojak\u00e4yt\u00e4nn\u00f6n mukaisesti.<\/p>\n\n\n\n<p>T\u00e4ll\u00e4 tietosuojaselosteella haluamme selitt\u00e4\u00e4 sinulle, mit\u00e4 tietoja ker\u00e4\u00e4mme, miten k\u00e4yt\u00e4mme niit\u00e4 ja mitk\u00e4 ovat oikeutesi tietojesi suojaamiseen. K\u00e4yt\u00e4nt\u00f6 koskee vain verkkosivustoamme ja sen vierailijoita, eik\u00e4 se koske muiden kanavien kautta ker\u00e4ttyj\u00e4 tietoja.<\/p>\n\n\n\n<p>Tietojesi k\u00e4sittelij\u00e4 on TrBet O\u00dc<br>yrityksen rek. numero: 14568780<br>s\u00e4hk\u00f6posti: info@traktoriraskused.eu<\/p>\n\n\n\n<p>Ker\u00e4\u00e4mme ja k\u00e4sittelemme tietoja Euroopan unionin yleisen tietosuoja-asetuksen (GDPR) mukaisesti, joka tuli voimaan 25.5.2018.<\/p>\n\n\n\n<h4 class=\"wp-block-heading\">Tiedon ker\u00e4\u00e4minen ja k\u00e4ytt\u00f6<\/h4>\n\n\n\n<h5 class=\"wp-block-heading\">Mit\u00e4 tietoja ker\u00e4\u00e4mme<\/h5>\n\n\n\n<p>Ker\u00e4tyt tiedot sis\u00e4lt\u00e4v\u00e4t tietoja, joita annat tietoisesti ja aktiivisesti meille k\u00e4ytt\u00e4ess\u00e4si palveluitamme tai kampanjoitamme tai osallistuessasi niihin, sek\u00e4 kaikki tiedot, jotka laitteesi l\u00e4hett\u00e4v\u00e4t k\u00e4ytt\u00e4ess\u00e4si tuotteitamme ja palveluitamme.<\/p>\n\n\n\n<p>Ker\u00e4\u00e4m\u00e4mme tiedot sis\u00e4lt\u00e4v\u00e4t tietoja, jotka olet tietoisesti jakanut meille k\u00e4ytt\u00e4ess\u00e4si palveluitamme tai kampanjoita, sek\u00e4 tietoja, jotka laitteesi l\u00e4hett\u00e4v\u00e4t meille automaattisesti.<\/p>\n\n\n\n<p>Henkil\u00f6tietosi voivat saada meid\u00e4t seuraavilla tavoilla:<\/p>\n\n\n\n<ul>\n<li>Jos teet tilauksen traktorikursuksed.eu -sivustolla<\/li>\n\n\n\n<li>Jos otat meihin yhteytt\u00e4 puhelimitse, s\u00e4hk\u00f6postitse tai chatissa<\/li>\n\n\n\n<li>Kun selaat verkkosivua traktorizuksed.eu<\/li>\n\n\n\n<li>Jos annat henkil\u00f6tietoja toisesta henkil\u00f6st\u00e4, joka vastaanottaa tavarat<\/li>\n\n\n\n<li>Jos teet maksuja k\u00e4ytt\u00e4m\u00e4ll\u00e4 verkkopankkia tai muuta s\u00e4hk\u00f6ist\u00e4 maksutapaa<\/li>\n\n\n\n<li>Jos ostat tuotteen osamaksussa ja teet leasingsopimuksen<\/li>\n\n\n\n<li>Jos kommentoit, tykk\u00e4\u00e4t tai jaat julkaisun sosiaalisen median tilill\u00e4mme<\/li>\n\n\n\n<li>Jos tilaat uutiskirjeemme<\/li>\n\n\n\n<li>Kun kommentoit julkaisuja verkkosivuillamme<\/li>\n<\/ul>\n\n\n\n<h5 class=\"wp-block-heading\">Ker\u00e4ttyjen tietojen tyypit<\/h5>\n\n\n\n<h6 class=\"wp-block-heading\">Henkil\u00f6kohtaiset tiedot<\/h6>\n\n\n\n<p>Pyyd\u00e4mme sinulta henkil\u00f6tietoja vain, jos se on v\u00e4ltt\u00e4m\u00e4t\u00f6nt\u00e4 palvelun tarjoamiseksi. Ottamalla meihin yhteytt\u00e4 tai vierailemalla verkkosivuillamme, voit jakaa kanssamme seuraavat tiedot:<\/p>\n\n\n\n<ul>\n<li>Etu-ja sukunimi<\/li>\n\n\n\n<li>S\u00e4hk\u00f6postiosoite<\/li>\n\n\n\n<li>Postiosoite, maa, l\u00e4\u00e4ni, kaupunki<\/li>\n\n\n\n<li>Puhelinnumero<\/li>\n\n\n\n<li>Chat-historia sinun ja meid\u00e4n v\u00e4lill\u00e4<\/li>\n\n\n\n<li>Tietoja verkkoselaimestasi ja IP-osoitteestasi<\/li>\n<\/ul>\n\n\n\n<h6 class=\"wp-block-heading\">Lokitiedostot<\/h6>\n\n\n\n<p>Sivustomme traktoriskused.eu tallentaa lokitiedostoja vierailijoistaan. Ker\u00e4tyt tiedot voivat sis\u00e4lt\u00e4\u00e4:<\/p>\n\n\n\n<ul>\n<li>IP (Internet Protocol) -osoite<\/li>\n\n\n\n<li>selaimen tyyppi<\/li>\n\n\n\n<li>Sivuilla k\u00e4ynnin p\u00e4iv\u00e4m\u00e4\u00e4r\u00e4 ja aika<\/li>\n<\/ul>\n\n\n\n<p>Lokitiedostojen tietoja k\u00e4ytet\u00e4\u00e4n trendien analysointiin, verkkosivuston hallintaan, sivuston vierailijoiden toiminnan seurantaan ja v\u00e4est\u00f6tietojen ker\u00e4\u00e4miseen. Saatuja tietoja ei ole tarkoitettu eik\u00e4 se mahdollista henkil\u00f6n tunnistamista.<\/p>\n\n\n\n<h6 class=\"wp-block-heading\">Keksit<\/h6>\n\n\n\n<p>Kuten useimmat verkkosivustot, traktoriskused.eu k\u00e4ytt\u00e4\u00e4 my\u00f6s &quot;ev\u00e4steit\u00e4&quot;. Ev\u00e4ste on pohjimmiltaan tekstitiedosto, joka tallennetaan k\u00e4ytt\u00e4j\u00e4n laitteelle, kun h\u00e4n vierailee verkkosivustolla. Ev\u00e4steit\u00e4 k\u00e4ytet\u00e4\u00e4n m\u00e4\u00e4ritt\u00e4m\u00e4\u00e4n ja tallentamaan mieltymyksi\u00e4, alueellisia asetuksia, palveluiden k\u00e4ytt\u00f6vaihtoehtoja jne.<\/p>\n\n\n\n<p>Halutessasi voit est\u00e4\u00e4 ev\u00e4steiden k\u00e4yt\u00f6n selaimen asetuksista, mutta t\u00e4ll\u00f6in on mahdollista, ett\u00e4 sinulle tarjottu palvelu h\u00e4iriintyy.<\/p>\n\n\n\n<h5 class=\"wp-block-heading\">Kuinka k\u00e4yt\u00e4mme dataa<\/h5>\n\n\n\n<p>Saatamme k\u00e4ytt\u00e4\u00e4 ker\u00e4ttyj\u00e4 tietoja eri tarkoituksiin, mukaan lukien:<\/p>\n\n\n\n<ul>\n<li>L\u00e4hett\u00e4\u00e4, toimittaa, k\u00e4sitell\u00e4 tilauksia, laatia laskuja ja vahvistaa tilauksesi tai palauttaa rahasi.<\/li>\n\n\n\n<li>Yksinkertaistaaksemme ja nopeuttaaksemme v\u00e4list\u00e4 vuorovaikutusta, kun otat meihin yhteytt\u00e4<\/li>\n\n\n\n<li>Tunnistaaksesi sinut puhelimitse, tekstiviestill\u00e4 tai s\u00e4hk\u00f6postilla<\/li>\n\n\n\n<li>Kun l\u00e4het\u00e4t sinulle tietoja ja pyyd\u00e4t palautetta palveluistamme<\/li>\n\n\n\n<li>Petosten est\u00e4miseksi ja verkkosivustomme suojaamiseksi<\/li>\n\n\n\n<li>Yll\u00e4pit\u00e4\u00e4, hallita, kehitt\u00e4\u00e4, personoida ja laajentaa verkkosivustoamme<\/li>\n\n\n\n<li>Ker\u00e4\u00e4mme tilastoja, jotta voimme tarjota parempia palveluita ja\/tai tarjouksia sek\u00e4 ymm\u00e4rt\u00e4\u00e4 ja analysoida verkkosivustollamme vierailijoiden k\u00e4ytt\u00e4ytymist\u00e4<\/li>\n\n\n\n<li>Tavoitteena on parantaa palvelumme laatua ja tarjota tehokkaampia selausratkaisuja<\/li>\n\n\n\n<li>Kehitt\u00e4\u00e4 uusia tuotteita, palveluita tai parantaa niiden toimivuutta<\/li>\n\n\n\n<li>Muihin tarkoituksiin. Esimerkiksi datan analysointiin, trendien tutkimiseen.<\/li>\n<\/ul>\n\n\n\n<h5 class=\"wp-block-heading\">Miss\u00e4 tapauksissa on mahdollista, ett\u00e4 jaamme tietojasi<\/h5>\n\n\n\n<ul>\n<li>Asiakasta paremmin palvellakseen TrBet O\u00dc voi luovuttaa tietojasi kolmansille osapuolille, jotka tarjoavat palveluja TrBet O\u00dc:lle, ja heid\u00e4n on noudatettava t\u00e4t\u00e4 tietosuojak\u00e4yt\u00e4nt\u00f6\u00e4. Kolmas osapuoli on esimerkiksi kumppanimme, jonka teht\u00e4v\u00e4n\u00e4 on kuljettaa tilatut tavarat.<\/li>\n\n\n\n<li>Voimme jakaa tai siirt\u00e4\u00e4 henkil\u00f6tietojasi yrityksemme omistajanvaihdoksen, sulautumisen, omaisuuden myynnin, rahoituksen tai yrityskaupan yhteydess\u00e4.<\/li>\n\n\n\n<li>Olemme velvollisia luovuttamaan henkil\u00f6tietosi, jos laki niin vaatii. Voimme vilpitt\u00f6m\u00e4ss\u00e4 mieless\u00e4 luovuttaa tietojasi my\u00f6s noudattaaksemme lakis\u00e4\u00e4teisi\u00e4 velvoitteitamme, suojellaksemme oikeuksiamme tai omaisuuttamme, est\u00e4\u00e4ksemme tai havaitaksemme mahdolliset palvelumme k\u00e4ytt\u00f6\u00f6n liittyv\u00e4t lainrikkomukset sek\u00e4 varmistaaksemme palvelun k\u00e4ytt\u00e4jien turvallisuuden.<\/li>\n<\/ul>\n\n\n\n<h5 class=\"wp-block-heading\">Henkil\u00f6tietojesi s\u00e4ilytt\u00e4minen<\/h5>\n\n\n\n<p>Yritys s\u00e4ilytt\u00e4\u00e4 henkil\u00f6tietojasi vain niin kauan kuin se on tarpeen t\u00e4ss\u00e4 tietosuojaselosteessa m\u00e4\u00e4riteltyjen tarkoitusten toteuttamiseksi. S\u00e4ilyt\u00e4mme ja k\u00e4yt\u00e4mme henkil\u00f6tietojasi siin\u00e4 m\u00e4\u00e4rin kuin se on tarpeen lakis\u00e4\u00e4teisten velvoitteidemme noudattamiseksi (esimerkiksi jos meid\u00e4n on s\u00e4ilytett\u00e4v\u00e4 tietosi sovellettavien lakien noudattamiseksi), riitojen ratkaisemiseksi ja oikeudellisten sopimustemme ja k\u00e4yt\u00e4nt\u00f6jemme noudattamiseksi.<\/p>\n\n\n\n<p>Yhti\u00f6 yll\u00e4pit\u00e4\u00e4 my\u00f6s lokitiedostoja sis\u00e4ist\u00e4 analysointia varten. Lokitiedostoja s\u00e4ilytet\u00e4\u00e4n yleens\u00e4 lyhyemm\u00e4n ajan, ellei tietoja k\u00e4ytet\u00e4 turvallisuuden vahvistamiseen tai palvelumme toimivuuden parantamiseen tai ellei laki velvoita meit\u00e4 s\u00e4ilytt\u00e4m\u00e4\u00e4n tietoja pidemp\u00e4\u00e4n.<\/p>\n\n\n\n<h5 class=\"wp-block-heading\">Lasten tietojen k\u00e4sittely<\/h5>\n\n\n\n<p>Mit\u00e4\u00e4n tuotteistamme tai palveluistamme ei ole suunnattu alle 13-vuotiaille lapsille, emmek\u00e4 tietoisesti ker\u00e4\u00e4 tietoja alle 13-vuotiailta lapsilta. Jos ep\u00e4ilemme, ett\u00e4 k\u00e4sittelemme alle 13-vuotiaan henkil\u00f6n tietoja, poistamme kyseisen henkil\u00f6n kaikista tietokannoistamme.<\/p>\n\n\n\n<h4 class=\"wp-block-heading\">Henkil\u00f6tietojen suoja<\/h4>\n\n\n\n<p>Sinulla on aina oikeus olla jakamatta tietojasi kanssamme, sill\u00e4 tied\u00e4t, ett\u00e4 t\u00e4m\u00e4 voi vaikuttaa kokemukseesi verkkosivustollamme. Jos p\u00e4\u00e4t\u00e4t olla jakamatta tietojasi kanssamme, emme kohtele sinua sen vuoksi v\u00e4hemm\u00e4n. Jos annat meille henkil\u00f6kohtaisia tietoja, ymm\u00e4rr\u00e4t, ett\u00e4 ker\u00e4\u00e4mme, tallennamme, k\u00e4yt\u00e4mme ja luovutamme niit\u00e4 t\u00e4m\u00e4n tietosuojak\u00e4yt\u00e4nn\u00f6n mukaisesti. Sinulla on oikeus pyyt\u00e4\u00e4 tarkempia tietoja sinusta ker\u00e4tyist\u00e4 tiedoista.<\/p>\n\n\n\n<p>Kun saamme henkil\u00f6tietojasi kolmannelta osapuolelta, suojaamme ne t\u00e4m\u00e4n tietosuojak\u00e4yt\u00e4nn\u00f6n ja Viron tasavallan lain mukaisesti. Jos jaat kolmannen osapuolen tietoja itse, vahvistat, ett\u00e4 sinulla on my\u00f6s oikeus ja lupa siihen.<\/p>\n\n\n\n<h4 class=\"wp-block-heading\">Tietojesi turvallisuus<\/h4>\n\n\n\n<p>Henkil\u00f6tietojesi turvallisuus on meille t\u00e4rke\u00e4\u00e4, mutta muista, ett\u00e4 mik\u00e4\u00e4n menetelm\u00e4 tietojen vaihtamiseksi Internetin kautta tai mik\u00e4\u00e4n s\u00e4hk\u00f6inen tallennustapa ei ole 100%-suojattu. Vaikka teemme parhaamme suojellaksemme tietojasi, emme voi taata niiden t\u00e4ydellist\u00e4 turvallisuutta.<\/p>\n\n\n\n<p>TrBet O\u00dc ryhtyy kaikkiin kohtuudella tarvittaviin toimenpiteisiin varmistaakseen, ett\u00e4 tietojasi k\u00e4sitell\u00e4\u00e4n turvallisesti ja t\u00e4m\u00e4n tietosuojak\u00e4yt\u00e4nn\u00f6n ja Viron tasavallan lain mukaisesti. Tietojasi ei siirret\u00e4 mihink\u00e4\u00e4n organisaatioon tai maahan, ellei siihen ole p\u00e4tev\u00e4\u00e4 syyt\u00e4 ja tietojesi turvallisuus on taattu.<\/p>\n\n\n\n<h4 class=\"wp-block-heading\">Linkitt\u00e4minen muille sivustoille<\/h4>\n\n\n\n<p>Sivustollamme voit l\u00f6yt\u00e4\u00e4 linkkej\u00e4 muille verkkosivustoille, jotka eiv\u00e4t ole meid\u00e4n omistamiamme. Kun napsautat kolmannen osapuolen linkki\u00e4, sinut ohjataan kyseiselle kolmannen osapuolen sivustolle. Suosittelemme, ett\u00e4 luet jokaisen vierailemasi sivuston tietosuojak\u00e4yt\u00e4nn\u00f6n.<\/p>\n\n\n\n<p>Meill\u00e4 ei ole valvontaa kolmansien osapuolien sivustoihin, emmek\u00e4 ole vastuussa niiden sis\u00e4ll\u00f6st\u00e4, tietosuojak\u00e4yt\u00e4nn\u00f6ist\u00e4, tarjotuista palveluista tai muusta.<\/p>\n\n\n\n<h4 class=\"wp-block-heading\">Tietosuojak\u00e4yt\u00e4nt\u00f6jen p\u00e4ivitykset<\/h4>\n\n\n\n<p>Meill\u00e4 on tarvittaessa oikeus tehd\u00e4 muutoksia t\u00e4h\u00e4n tietosuojaselosteeseen. Kun tietosuojak\u00e4yt\u00e4nt\u00f6 p\u00e4ivitet\u00e4\u00e4n, muutamme asiakirjan p\u00e4ivitysp\u00e4iv\u00e4m\u00e4\u00e4r\u00e4n sen alareunassa. Jos jatkat verkkosivustollamme vierailua ja k\u00e4ytt\u00f6\u00e4 tietosuojaselosteen p\u00e4ivityksen j\u00e4lkeen, k\u00e4sittelemme sit\u00e4 hiljaisena suostumuksesi muutoksiin.<\/p>\n\n\n\n<p>Kaikissa tietosuojaselosteeseen tai tietojen k\u00e4sittelyyn liittyviss\u00e4 kysymyksiss\u00e4 tai huolenaiheissa ota yhteytt\u00e4 osoitteeseen info@traktoriraskused.eu.&nbsp;<\/p>\n\n\n\n<p>Viimeksi muokattu 01.09.2023<\/p>\n\n\n\n<p><\/p>","protected":false},"excerpt":{"rendered":"<p>TrBet O\u00dc (traktoriraskused.eu) jaoks on oluline Teie privaatsus ja j\u00e4rgida k\u00f5iki kehtivaid seadusi ja m\u00e4\u00e4rusi mis tahes isikuandmete kohta, mida v\u00f5ime Teie kohta koguda, kui k\u00fclastate meie veebilehte traktoriraskused.eu. Meie veebisaiti kasutades n\u00f5ustute, et kogume ja kasutame Teie andmeid vastavalt k\u00e4esolevale privaatsuspoliitikale. K\u00e4esoleva privaatsuspoliitikaga soovime Teile selgitada, milliseid andmeid me kogume, kuidas neid kasutame ja &hellip;<\/p>\n<p class=\"read-more\"> <a class=\"\" href=\"https:\/\/www.traktoriraskused.eu\/fin\/privaatsuspoliitika\/\"> <span class=\"screen-reader-text\">Tietosuojak\u00e4yt\u00e4nt\u00f6<\/span> Lue lis\u00e4\u00e4 &raquo;<\/a><\/p>","protected":false},"author":1,"featured_media":0,"parent":0,"menu_order":0,"comment_status":"closed","ping_status":"closed","template":"","meta":{"site-sidebar-layout":"default","site-content-layout":"","ast-site-content-layout":"default","site-content-style":"default","site-sidebar-style":"default","ast-global-header-display":"","ast-banner-title-visibility":"","ast-main-header-display":"","ast-hfb-above-header-display":"","ast-hfb-below-header-display":"","ast-hfb-mobile-header-display":"","site-post-title":"","ast-breadcrumbs-content":"","ast-featured-img":"","footer-sml-layout":"","theme-transparent-header-meta":"","adv-header-id-meta":"","stick-header-meta":"","header-above-stick-meta":"","header-main-stick-meta":"","header-below-stick-meta":"","astra-migrate-meta-layouts":"set","footnotes":""},"_links":{"self":[{"href":"https:\/\/www.traktoriraskused.eu\/fin\/wp-json\/wp\/v2\/pages\/1538"}],"collection":[{"href":"https:\/\/www.traktoriraskused.eu\/fin\/wp-json\/wp\/v2\/pages"}],"about":[{"href":"https:\/\/www.traktoriraskused.eu\/fin\/wp-json\/wp\/v2\/types\/page"}],"author":[{"embeddable":true,"href":"https:\/\/www.traktoriraskused.eu\/fin\/wp-json\/wp\/v2\/users\/1"}],"replies":[{"embeddable":true,"href":"https:\/\/www.traktoriraskused.eu\/fin\/wp-json\/wp\/v2\/comments?post=1538"}],"version-history":[{"count":9,"href":"https:\/\/www.traktoriraskused.eu\/fin\/wp-json\/wp\/v2\/pages\/1538\/revisions"}],"predecessor-version":[{"id":2295,"href":"https:\/\/www.traktoriraskused.eu\/fin\/wp-json\/wp\/v2\/pages\/1538\/revisions\/2295"}],"wp:attachment":[{"href":"https:\/\/www.traktoriraskused.eu\/fin\/wp-json\/wp\/v2\/media?parent=1538"}],"curies":[{"name":"wp","href":"https:\/\/api.w.org\/{rel}","templated":true}]}}