{"id":2239,"date":"2024-05-31T14:26:03","date_gmt":"2024-05-31T11:26:03","guid":{"rendered":"https:\/\/www.traktoriraskused.eu\/?page_id=2239"},"modified":"2024-05-31T14:26:04","modified_gmt":"2024-05-31T11:26:04","slug":"testkusitlus","status":"publish","type":"page","link":"https:\/\/www.traktoriraskused.eu\/fin\/testkusitlus\/","title":{"rendered":"testk\u00fcsitlus"},"content":{"rendered":"<div class=\"wpforms-container wpforms-block wpforms-block-626a3fd8-9461-42c9-af60-ded7990a5145\" id=\"wpforms-2234\"><form id=\"wpforms-form-2234\" class=\"wpforms-validate wpforms-form wpforms-ajax-form\" data-formid=\"2234\" method=\"post\" enctype=\"multipart\/form-data\" action=\"\/fin\/wp-json\/wp\/v2\/pages\/2239\" data-token=\"a99aba7437d9af9df4a0672bdb72f44e\" data-trp-original-action=\"\/fin\/wp-json\/wp\/v2\/pages\/2239\"><noscript class=\"wpforms-error-noscript\">Please enable JavaScript in your browser to complete this form.<\/noscript><div class=\"wpforms-field-container\"><div id=\"wpforms-2234-field_2-container\" class=\"wpforms-field wpforms-field-textarea\" data-field-id=\"2\"><label class=\"wpforms-field-label\" for=\"wpforms-2234-field_2\">Ettepaneku kirjeldus <span class=\"wpforms-required-label\">*<\/span><\/label><textarea id=\"wpforms-2234-field_2\" class=\"wpforms-field-medium wpforms-field-required\" name=\"wpforms[fields][2]\" required><\/textarea><div class=\"wpforms-field-description\">(Kui soovite, et Teiega v\u00f5etakse \u00fchendust ettepaneku t\u00e4psustamiseks, siis palun lisage ettepaneku kirjelduse juurde oma kontakt)<\/div><\/div><div id=\"wpforms-2234-field_0-container\" class=\"wpforms-field wpforms-field-name\" data-field-id=\"0\"><label class=\"wpforms-field-label\" for=\"wpforms-2234-field_0\">Objekti asukoha kaart (v\u00f5imalusel)<\/label><input type=\"text\" id=\"wpforms-2234-field_0\" class=\"wpforms-field-medium\" name=\"wpforms[fields][0]\" ><\/div><div id=\"wpforms-2234-field_5-container\" class=\"wpforms-field wpforms-field-name\" data-field-id=\"5\"><label class=\"wpforms-field-label\" for=\"wpforms-2234-field_5\">Ettepanekut illustreeriv joonis, eskiis v\u00f5i foto (v\u00f5imalusel)<\/label><input type=\"text\" id=\"wpforms-2234-field_5\" class=\"wpforms-field-medium\" name=\"wpforms[fields][5]\" ><\/div><div id=\"wpforms-2234-field_4-container\" class=\"wpforms-field wpforms-field-name\" data-field-id=\"4\"><label class=\"wpforms-field-label\" for=\"wpforms-2234-field_4\">Ettepanekut illustreeriv muu materjal (v\u00f5imalusel)<\/label><input type=\"text\" id=\"wpforms-2234-field_4\" class=\"wpforms-field-medium\" name=\"wpforms[fields][4]\" ><\/div><div id=\"wpforms-2234-field_3-container\" class=\"wpforms-field wpforms-field-textarea\" data-field-id=\"3\"><label class=\"wpforms-field-label\" for=\"wpforms-2234-field_3\">Ettepaneku realiseerimise maksumuse hinnang (v\u00f5imalusel)<\/label><textarea id=\"wpforms-2234-field_3\" class=\"wpforms-field-medium\" name=\"wpforms[fields][3]\" ><\/textarea><\/div><\/div><!-- .wpforms-field-container --><div class=\"wpforms-submit-container\" ><input type=\"hidden\" name=\"wpforms[id]\" value=\"2234\"><input type=\"hidden\" name=\"wpforms[author]\" value=\"1\"><button type=\"submit\" name=\"wpforms[submit]\" id=\"wpforms-submit-2234\" class=\"wpforms-submit\" data-alt-text=\"Sending...\" data-submit-text=\"Submit\" aria-live=\"assertive\" value=\"wpforms-submit\">Submit<\/button><img decoding=\"async\" src=\"https:\/\/www.traktoriraskused.eu\/wp-content\/plugins\/wpforms-lite\/assets\/images\/submit-spin.svg\" class=\"wpforms-submit-spinner\" style=\"display: none;\" width=\"26\" height=\"26\" alt=\"Loading\"><\/div><input type=\"hidden\" name=\"trp-form-language\" value=\"fin\"\/><\/form><\/div>  <!-- .wpforms-container -->","protected":false},"excerpt":{"rendered":"","protected":false},"author":1,"featured_media":0,"parent":0,"menu_order":0,"comment_status":"closed","ping_status":"closed","template":"elementor_canvas","meta":{"site-sidebar-layout":"default","site-content-layout":"","ast-site-content-layout":"default","site-content-style":"default","site-sidebar-style":"default","ast-global-header-display":"","ast-banner-title-visibility":"","ast-main-header-display":"","ast-hfb-above-header-display":"","ast-hfb-below-header-display":"","ast-hfb-mobile-header-display":"","site-post-title":"","ast-breadcrumbs-content":"","ast-featured-img":"","footer-sml-layout":"","theme-transparent-header-meta":"","adv-header-id-meta":"","stick-header-meta":"","header-above-stick-meta":"","header-main-stick-meta":"","header-below-stick-meta":"","astra-migrate-meta-layouts":"set","footnotes":""},"_links":{"self":[{"href":"https:\/\/www.traktoriraskused.eu\/fin\/wp-json\/wp\/v2\/pages\/2239"}],"collection":[{"href":"https:\/\/www.traktoriraskused.eu\/fin\/wp-json\/wp\/v2\/pages"}],"about":[{"href":"https:\/\/www.traktoriraskused.eu\/fin\/wp-json\/wp\/v2\/types\/page"}],"author":[{"embeddable":true,"href":"https:\/\/www.traktoriraskused.eu\/fin\/wp-json\/wp\/v2\/users\/1"}],"replies":[{"embeddable":true,"href":"https:\/\/www.traktoriraskused.eu\/fin\/wp-json\/wp\/v2\/comments?post=2239"}],"version-history":[{"count":1,"href":"https:\/\/www.traktoriraskused.eu\/fin\/wp-json\/wp\/v2\/pages\/2239\/revisions"}],"predecessor-version":[{"id":2240,"href":"https:\/\/www.traktoriraskused.eu\/fin\/wp-json\/wp\/v2\/pages\/2239\/revisions\/2240"}],"wp:attachment":[{"href":"https:\/\/www.traktoriraskused.eu\/fin\/wp-json\/wp\/v2\/media?parent=2239"}],"curies":[{"name":"wp","href":"https:\/\/api.w.org\/{rel}","templated":true}]}}