{"id":1681,"date":"2023-08-25T01:00:44","date_gmt":"2023-08-24T22:00:44","guid":{"rendered":"https:\/\/www.traktoriraskused.eu\/?post_type=product&#038;p=1681"},"modified":"2025-10-08T17:41:45","modified_gmt":"2025-10-08T14:41:45","slug":"bumper-raskus","status":"publish","type":"product","link":"https:\/\/www.traktoriraskused.eu\/fin\/tooted\/bumper-raskus\/","title":{"rendered":"Bumper etupaino"},"content":{"rendered":"","protected":false},"excerpt":{"rendered":"<p>Monitoiminen puskurityylinen lis\u00e4paino suuntavaloilla.<br \/>\nEtupaino on metallikotelossa ty\u00f6kalulaatikolla.<br \/>\nPaino on 2780 mm leve\u00e4 taitetuilla siivill\u00e4 ja 4000 mm t\u00e4ysill\u00e4 siiveill\u00e4.<\/p>\n<p><em>Jos et l\u00f6yd\u00e4 oikeaa valikoimasta, ota yhteytt\u00e4.<\/em><\/p>","protected":false},"featured_media":1889,"template":"","meta":{"site-sidebar-layout":"default","site-content-layout":"default","ast-site-content-layout":"default","site-content-style":"default","site-sidebar-style":"default","ast-global-header-display":"","ast-banner-title-visibility":"","ast-main-header-display":"","ast-hfb-above-header-display":"","ast-hfb-below-header-display":"","ast-hfb-mobile-header-display":"","site-post-title":"","ast-breadcrumbs-content":"","ast-featured-img":"","footer-sml-layout":"","theme-transparent-header-meta":"default","adv-header-id-meta":"","stick-header-meta":"","header-above-stick-meta":"","header-main-stick-meta":"","header-below-stick-meta":"","astra-migrate-meta-layouts":"set"},"product_cat":[57],"product_tag":[],"_links":{"self":[{"href":"https:\/\/www.traktoriraskused.eu\/fin\/wp-json\/wp\/v2\/product\/1681"}],"collection":[{"href":"https:\/\/www.traktoriraskused.eu\/fin\/wp-json\/wp\/v2\/product"}],"about":[{"href":"https:\/\/www.traktoriraskused.eu\/fin\/wp-json\/wp\/v2\/types\/product"}],"version-history":[{"count":4,"href":"https:\/\/www.traktoriraskused.eu\/fin\/wp-json\/wp\/v2\/product\/1681\/revisions"}],"predecessor-version":[{"id":2260,"href":"https:\/\/www.traktoriraskused.eu\/fin\/wp-json\/wp\/v2\/product\/1681\/revisions\/2260"}],"wp:featuredmedia":[{"embeddable":true,"href":"https:\/\/www.traktoriraskused.eu\/fin\/wp-json\/wp\/v2\/media\/1889"}],"wp:attachment":[{"href":"https:\/\/www.traktoriraskused.eu\/fin\/wp-json\/wp\/v2\/media?parent=1681"}],"wp:term":[{"taxonomy":"product_cat","embeddable":true,"href":"https:\/\/www.traktoriraskused.eu\/fin\/wp-json\/wp\/v2\/product_cat?post=1681"},{"taxonomy":"product_tag","embeddable":true,"href":"https:\/\/www.traktoriraskused.eu\/fin\/wp-json\/wp\/v2\/product_tag?post=1681"}],"curies":[{"name":"wp","href":"https:\/\/api.w.org\/{rel}","templated":true}]}}